{"id":1182,"date":"2018-11-08T16:02:01","date_gmt":"2018-11-08T15:02:01","guid":{"rendered":"http:\/\/psc.hr\/en\/?page_id=1182"},"modified":"2018-11-08T16:02:01","modified_gmt":"2018-11-08T15:02:01","slug":"privacy-policy","status":"publish","type":"page","link":"https:\/\/psc.hr\/en\/privacy-policy\/","title":{"rendered":"Privacy policy"},"content":{"rendered":"<div class=\"white-box\">\n<div class=\"static-page-content\">\n<h3 style=\"text-align: center\">Obavijest o kola\u010di\u0107ima Hrvatske gospodarske komore<\/h3>\n<h4 style=\"text-align: center\">Obavijest o kola\u010di\u0107ima stupa na snagu 25. Svibnja 2018 godine<\/h4>\n<p>Za ispravan rad internetskih stranica Hrvatske<br \/>\ngospodarske komore, njihovo unaprje\u0111enje te<br \/>\npobolj\u0161anje va\u0161eg iskustva pregledavanja, ove stranice<br \/>\nmoraju na va\u0161e ra\u010dunalo ili mobilni<br \/>\nure\u0111aj spremiti malenu koli\u010dinu informacija u obliku<br \/>\ntakozvanih kola\u010di\u0107a (engl. cookies).<br \/>\nNastavkom kori\u0161tenja internetske stranice pristajete<br \/>\nna uporabu kola\u010di\u0107a. Kola\u010di\u0107e mo\u017eete<br \/>\nblokirati i nastaviti pregledavati stranicu, ali<br \/>\nmogu\u0107e je da vam neke funkcionalnosti<br \/>\nstranice ne\u0107e biti dostupne.<\/p>\n<h4>\u0160to su kola\u010di\u0107i?<\/h4>\n<p>Kola\u010di\u0107i su male tekstualne datoteke koje internetska<br \/>\nstranica sprema na va\u0161u terminalnu<br \/>\nopremu (ra\u010dunalo ili mobilni ure\u0111aj) kada ju posjetite.<\/p>\n<h4>Za \u0161to se kola\u010di\u0107i koriste?<\/h4>\n<p>Kola\u010di\u0107i se mogu koristiti u razne svrhe. Naj\u010de\u0161\u0107e se<br \/>\nspremaju informacije poput<br \/>\npreferiranog<br \/>\njezika stranice i drugih preferencija korisnika.<br \/>\nKasnije, kada opet otvorite istu stranicu,<br \/>\ninternetski preglednik \u0161alje natrag kola\u010di\u0107e koji<br \/>\npripadaju toj stranici. To omogu\u0107uje<br \/>\nstranici<br \/>\nda prika\u017ee informacije prilago\u0111ene va\u0161im potrebama.<br \/>\nKola\u010di\u0107i mogu spremati i neke osobne<br \/>\ninformacije kao \u0161to su va\u0161e ime ili e-adresa u slu\u010daju<br \/>\nda im vi sami to omogu\u0107ite unosom tih<br \/>\npodataka negdje na internetskoj stranici. Kola\u010di\u0107i<br \/>\nnemaju pristup informacijama koje im vi<br \/>\nniste<br \/>\ndali i ne mogu pristupati drugim datotekama na va\u0161em ra\u010dunalu.<\/p>\n<h4>Koje vrste kola\u010di\u0107a postoje?<\/h4>\n<p>Kola\u010di\u0107e razlikujemo prema tome tko ih postavlja,<br \/>\nkoliko dugo ostaju spremljeni na va\u0161em<br \/>\nra\u010dunalu te prema njihovoj namjeni.<br \/>\nKola\u010di\u0107e mo\u017ee postaviti internetska stranica koju<br \/>\nposje\u0107ujete (direktni kola\u010di\u0107i) ili ih<br \/>\nmo\u017ee<br \/>\npostaviti neka druga domena putem internetske stranice<br \/>\nkoju posje\u0107ujete, npr. Google<br \/>\nAnalytics<br \/>\n(kola\u010di\u0107i tre\u0107e strane).<\/p>\n<p>Ovisno o trajanju kola\u010di\u0107a, razlikujemo kola\u010di\u0107e<br \/>\nsesije i trajne kola\u010di\u0107e. Kola\u010di\u0107i sesije<br \/>\nkoriste se za povezivanje akcija korisnika tijekom<br \/>\njedne sesije preglednika. Sesija<br \/>\npreglednika<br \/>\npo\u010dinje kad otvorite prozor preglednika i zavr\u0161ava kad<br \/>\nga zatvorite. Kola\u010di\u0107 sesije<br \/>\nprivremeno<br \/>\nse izra\u0111uje i bri\u0161e nakon zatvaranja preglednika.<br \/>\nTrajni kola\u010di\u0107i ostaju spremljeni na va\u0161em<br \/>\nure\u0111aju tijekom vremena odre\u0111enog u samom kola\u010di\u0107u te<br \/>\nse aktiviraju pri svakom pojedinom<br \/>\nposjetu<br \/>\ninternetskoj stranici koja je kola\u010di\u0107 izradila.<br \/>\nPrimjeri trajanja kola\u010di\u0107a su 1 mjesec, 6<br \/>\nmjeseci, 2 godine, trajno i sli\u010dno.<\/p>\n<h4>Prema namjeni kola\u010di\u0107e dijelimo na \u010detiri glavne vrste.<\/h4>\n<ul>\n<li>Strogo potrebni kola\u010di\u0107i nu\u017eni su za pravilno<br \/>\nfunkcioniranje internetske stranice.<br \/>\nKoriste<br \/>\nse<br \/>\nza omogu\u0107avanje osnovnih funkcionalnosti stranice.<\/li>\n<li>Funkcionalni kola\u010di\u0107i omogu\u0107uju pam\u0107enje odabira i<br \/>\nunosa korisnika kao \u0161to su odabir<br \/>\njezika<br \/>\nstranice, korisni\u010dko ime i sli\u010dno. Oni se koriste<br \/>\nza pru\u017eanje naprednih i<br \/>\npersonaliziranih<br \/>\nfunkcionalnosti. Informacije koje ovi kola\u010di\u0107i<br \/>\nskupljaju povezane su s internetskom<br \/>\nstranicom<br \/>\nkoju posje\u0107ujete i ne mogu pratiti va\u0161e aktivnosti<br \/>\nna drugim internetskim stranicama.<\/li>\n<li>Analiti\u010dki kola\u010di\u0107i prikupljaju informacije o<br \/>\nna\u010dinu na koji koristite internetsku<br \/>\nstranicu \u2013<br \/>\nkoje stranice naj\u010de\u0161\u0107e posje\u0107ujete, je li do\u0161lo do<br \/>\nkakvih gre\u0161aka pri radu stranice,<br \/>\nkoliko<br \/>\nje<br \/>\nbilo posjetitelja na stranici i sli\u010dno. Ti su<br \/>\npodaci anonimni i ne mogu se povezati s<br \/>\npojedincem<br \/>\nte se koriste isklju\u010divo za unaprje\u0111enje rada<br \/>\ninternetske stranice i ukupnog korisni\u010dkog<br \/>\niskustva.<\/li>\n<li>Posljednja su skupina kola\u010di\u0107a kola\u010di\u0107i za<br \/>\n(ciljano) ogla\u0161avanje. Oni omogu\u0107uju<br \/>\nogla\u0161avanje na mre\u017ei koje se mo\u017ee prilagoditi<br \/>\nosobnim preferencijama tako da se<br \/>\nprikazuju reklame koje su vama bitne i zanimljive<br \/>\ni na internetskim stranicama HGK i<br \/>\nizvan njih. Osim toga, koriste se i za ograni\u010denje<br \/>\nbroja prikaza reklame te kao pomo\u0107 za<br \/>\nu\u010dinkovitu provedbu reklamnih kampanja. Za vi\u0161e<br \/>\ninformacija o online reklamnim<br \/>\nkola\u010di\u0107ima i online privatnosti, molimo pogledajte<br \/>\nupute koje je osmislila industrija<br \/>\nogla\u0161avanja, dostupne na <a href=\"http:\/\/www.youronlinechoices.com\/hr\/\">http:\/\/www.youronlinechoices.com\/hr\/<\/a>.<\/li>\n<\/ul>\n<h4>Koje vrste kola\u010di\u0107a koristi HGK?<\/h4>\n<p>Kako bi vam bilo jasnije koje kola\u010di\u0107e koriste<br \/>\ninternetske stranice Hrvatske gospodarske<br \/>\nkomore<br \/>\nte u koju svrhu, u nastavku su primjeri za svaku od<br \/>\n\u010detiri glavne vrste kola\u010di\u0107a.<\/p>\n<h5>Strogo potrebni kola\u010di\u0107i<\/h5>\n<p>Neke od funkcionalnosti koje nam omogu\u0107uju strogo<br \/>\npotrebni kola\u010di\u0107i su:<\/p>\n<ul>\n<li>Spremanje postavki za optimalan prikaz<br \/>\nvideozapisa, kao \u0161to su veli\u010dina me\u0111uspremnika i<br \/>\npodaci<br \/>\no rezoluciji zaslona.<\/li>\n<li>\u010citanje postavki preglednika kako bi se<br \/>\ninternetska stranica mogla optimalno prikazati<br \/>\nna<br \/>\nva\u0161em zaslonu.<\/li>\n<li>Lociranje zlouporabe na\u0161eg web-mjesta i usluga.<\/li>\n<li>Ravnomjerno u\u010ditavanje internetske stranice kako<br \/>\nbi ostalo pristupa\u010dno.<\/li>\n<\/ul>\n<p>Neki od kola\u010di\u0107a koji se koriste u ove svrhe su:<br \/>\nJsessionid, ASP.NET_SessionId,<br \/>\nXSRF-TOKEN&#8230;<\/p>\n<h5>Funkcionalni kola\u010di\u0107i<\/h5>\n<p>Funkcionalne kola\u010di\u0107e koristimo za personalizaciju<br \/>\nsadr\u017eaja i spremanje va\u0161ih preferencija.<br \/>\nNeke<br \/>\nod mogu\u0107nosti koje funkcionalni kola\u010di\u0107i pru\u017eaju su:<\/p>\n<ul>\n<li>Spremanje preferencija kao \u0161to su jezik, lokacija,<br \/>\nbroj rezultata pretra\u017eivanja koji \u0107e<br \/>\nse<br \/>\nprikazati itd.<\/li>\n<li>Spremanje podataka koje ste unijeli pri<br \/>\nregistraciji ili prijavi kako se ne biste morali<br \/>\nsvaki<br \/>\nput prijavljivati.<\/li>\n<li>Pam\u0107enje sadr\u017eaja koje ste odabrali u skladu sa<br \/>\nsvojim interesima kako bi vam se te<br \/>\nkategorija<br \/>\nsadr\u017eaja prikazivale.<\/li>\n<li>Primjeri funkcionalnih kola\u010di\u0107a koji se koriste<br \/>\nsu: laravel_session,<br \/>\nqtrans_front_language,<br \/>\nLanguage.<\/li>\n<\/ul>\n<h5>Analiti\u010dki kola\u010di\u0107i<\/h5>\n<p>Za analitiku internetskih stranica koristimo kola\u010di\u0107e<br \/>\ntre\u0107e strane \u2013 Google Analytics. Vi\u0161e<br \/>\ninformacija o njima mo\u017eete prona\u0107i na poveznici Google<br \/>\nAnalytics. Neke od mogu\u0107nosti koje<br \/>\nnam<br \/>\npru\u017eaju analiti\u010dki kola\u010di\u0107i su:<\/p>\n<ul>\n<li>Pra\u0107enje broja posjetitelja na\u0161ih internetskih stranica.<\/li>\n<li>Pra\u0107enje vremena koje svaki posjetitelj provede na<br \/>\nna\u0161im internetskih stranicama.<\/li>\n<li>Odre\u0111ivanje redoslijeda kojim posjetitelj<br \/>\nposje\u0107uje razne internetske stranice Hrvatske<br \/>\ngospodarske komore.<\/li>\n<li>Procjena dijelova na\u0161ih internetskih stranica koje<br \/>\ntreba pobolj\u0161ati.<\/li>\n<li>Optimizacija internetskih stranica.<\/li>\n<li>Zahtijevanje povratne informacije za specifi\u010dne<br \/>\ndijelove internetskih stranica.<\/li>\n<\/ul>\n<p>Primjeri analiti\u010dkih kola\u010di\u0107a koje koristimo su: _gat,<br \/>\n_ga, _gid, _utma, _utmb, _utmc,<br \/>\n_utmt,<br \/>\n_utmv, _utmz.<\/p>\n<h5>Kola\u010di\u0107i za (ciljano) ogla\u0161avanje<\/h5>\n<p>Kola\u010di\u0107i za (ciljano) ogla\u0161avanje su kola\u010di\u0107i tre\u0107e<br \/>\nstrane i postavljaju se na stranicama<br \/>\nHrvatske gospodarske komore pri ugra\u0111ivanju<br \/>\nvideozapisa na internetske stranice. Neke od<br \/>\nfunkcionalnosti ovakvih kola\u010di\u0107a su:<\/p>\n<ul>\n<li>Omogu\u0107uju tre\u0107oj strani bilje\u017eenje va\u0161eg posjeta,<br \/>\nte kao rezultat toga procjenu va\u0161ih<br \/>\ninteresa.<\/li>\n<li>Omogu\u0107uju tre\u0107oj strani provjeru jeste li odabrali<br \/>\nreklamni sadr\u017eaj.<\/li>\n<li>Omogu\u0107uju tre\u0107oj strani pra\u0107enje broja<br \/>\nposjetitelja koji biraju reklamni sadr\u017eaj.<\/li>\n<li>Proslje\u0111uju informacije o va\u0161im navikama<br \/>\npretra\u017eivanja drugim internetskim mjestima.<\/li>\n<li>Omogu\u0107uju uporabu usluga tre\u0107e strane za<br \/>\nprikazivanje reklamnih sadr\u017eaja prilago\u0111enih<br \/>\nva\u0161im potrebama, interesima ili preferencijama.<\/li>\n<li>Omogu\u0107uju tre\u0107im stranama da odrede koji su<br \/>\nreklamni sadr\u017eaji te tehnologije i mre\u017ee za<br \/>\nogla\u0161avanje naju\u010dinkovitije za vas.<\/li>\n<li>Omogu\u0107uju pra\u0107enje reklamnih sadr\u017eaja koji su ve\u0107<br \/>\nprikazani, tako da vam se ne prikazuju<br \/>\nuvijek isti. Primjeri kola\u010di\u0107a za (ciljano)<br \/>\nogla\u0161avanje koje koristimo su:<\/li>\n<li>DoubleClick: DISD, IDE, _ncuid<\/li>\n<li>YouTube inc.: APISID, CONSENT, HSID, PREF, SSID,<br \/>\nVISITOR_INFO1_LIVE, YSC<\/li>\n<\/ul>\n<h4>Kako upravljati postavkama kola\u010di\u0107a?<\/h4>\n<p>Aktivnosti spremanja i slanja kola\u010di\u0107a nisu vidljive<br \/>\nkrajnjem korisniku, ali mo\u017eete<br \/>\nkontrolirati<br \/>\nho\u0107ete li zahtjeve za spremanje kola\u010di\u0107a odobriti ili<br \/>\nblokirati te imate mogu\u0107nost brisanja<br \/>\nkola\u010di\u0107a pri zatvaranju internetskog preglednika ili<br \/>\nna zahtjev. Me\u0111utim, ako u postavkama<br \/>\nsvog<br \/>\npreglednika blokirate sve kola\u010di\u0107e (uklju\u010duju\u0107i i<br \/>\nstrogo potrebne kola\u010di\u0107e), mogu\u0107e je da<br \/>\n\u0107ete<br \/>\nimati pote\u0161ko\u0107a u kori\u0161tenju pojedinih dijelova<br \/>\ninternetskih stranica Hrvatske gospodarske<br \/>\nkomore. Nakon \u0161to jednom date suglasnost za kori\u0161tenje<br \/>\nkola\u010di\u0107a, kola\u010di\u0107 s tom privolom<br \/>\npohraniti \u0107e se na va\u0161 ure\u0111aj te se koristiti sljede\u0107i<br \/>\nput kada posjetite ove internetske<br \/>\nstranice. Ako \u017eelite povu\u0107i svoju suglasnost, morat<br \/>\n\u0107ete obrisati kola\u010di\u0107e u postavkama<br \/>\nsvojeg<br \/>\ninternetskog preglednika. Vi\u0161e informacija o<br \/>\npostavkama kola\u010di\u0107a za razli\u010dite preglednike<br \/>\nmo\u017eete<br \/>\nprona\u0107i na sljede\u0107im poveznicama:<\/p>\n<ul>\n<li><a href=\"https:\/\/support.mozilla.org\/hr\/kb\/Kola%C4%8Di%C4%87i\">Firefox<\/a><\/li>\n<li><a href=\"https:\/\/support.microsoft.com\/hr-hr\/help\/17442\/windows-internet-explorer-delete-manage-cookies\">Internet<br \/>\nExplorer (vi\u0161e verzija)<\/a><\/li>\n<li><a href=\"https:\/\/support.google.com\/chrome\/answer\/95647?co=GENIE.Platform%3DDesktop&amp;hl=hr\">Chrome<\/a><\/li>\n<li><a href=\"https:\/\/support.apple.com\/kb\/PH21411?viewlocale=hr_HR&amp;locale=en_US\">Safari<br \/>\n<\/a><\/li>\n<li><a href=\"https:\/\/support.apple.com\/hr-hr\/HT201265\">Safari (iPod, iPad,<br \/>\niPhone)<\/a><\/li>\n<li><a href=\"http:\/\/help.opera.com\/Windows\/9.01\/hr\/cookies.html\">Opera <\/a><\/li>\n<\/ul>\n<h3>Zavr\u0161ne napomene<\/h3>\n<p>Zadr\u017eavamo pravo na izmjenu ove politike kola\u010di\u0107a u<br \/>\nbilo koje vrijeme i bez prethodne<br \/>\nobavijesti. Nova Obavijest o kola\u010di\u0107ima stupit \u0107e na<br \/>\nsnagu nakon objave. Va\u0161a je odgovornost<br \/>\nda<br \/>\nredovno provjeravate jeste li pro\u010ditali i slo\u017eili se s<br \/>\npolitikom kola\u010di\u0107a koja je u<br \/>\nprimjeni.<\/p>\n<p>Ova politika kola\u010di\u0107a posljednji je put a\u017eurirana 25.05.2018<\/p>\n<p>Vi\u0161e informacija o kori\u0161tenju kola\u010di\u0107a mo\u017eete prona\u0107i<br \/>\nna mre\u017enoj stranici<br \/>\n<a href=\"www.allaboutcookies.org \">www.allaboutcookies.org <\/a><br \/>\nili nas mo\u017eete pitati slanjem poruke elektroni\u010dke po\u0161te na<br \/>\n<a href=\"mailto:zastitapodataka@hgk.hr\">zastitapodataka@hgk.hr<\/a><\/p>\n<\/div>\n<\/div>\n","protected":false},"excerpt":{"rendered":"<p>Obavijest o kola\u010di\u0107ima Hrvatske gospodarske komore Obavijest o kola\u010di\u0107ima stupa na snagu 25. Svibnja 2018 godine Za ispravan rad internetskih stranica Hrvatske gospodarske komore, njihovo unaprje\u0111enje te pobolj\u0161anje va\u0161eg iskustva pregledavanja, ove stranice moraju na va\u0161e ra\u010dunalo ili mobilni ure\u0111aj spremiti malenu koli\u010dinu informacija u obliku takozvanih kola\u010di\u0107a (engl. cookies). Nastavkom kori\u0161tenja internetske stranice pristajete [&hellip;]<\/p>\n","protected":false},"author":4,"featured_media":0,"parent":0,"menu_order":0,"comment_status":"closed","ping_status":"closed","template":"","meta":{"footnotes":""},"yoast_head":"<!-- This site is optimized with the Yoast SEO plugin v22.6 - https:\/\/yoast.com\/wordpress\/plugins\/seo\/ -->\n<title>Privacy policy - Point of Single Contact<\/title>\n<meta name=\"robots\" content=\"index, follow, max-snippet:-1, max-image-preview:large, max-video-preview:-1\" \/>\n<link rel=\"canonical\" href=\"https:\/\/psc.hr\/en\/privacy-policy\/\" \/>\n<meta property=\"og:locale\" content=\"en_US\" \/>\n<meta property=\"og:type\" content=\"article\" \/>\n<meta property=\"og:title\" content=\"Privacy policy - Point of Single Contact\" \/>\n<meta property=\"og:description\" content=\"Obavijest o kola\u010di\u0107ima Hrvatske gospodarske komore Obavijest o kola\u010di\u0107ima stupa na snagu 25. Svibnja 2018 godine Za ispravan rad internetskih stranica Hrvatske gospodarske komore, njihovo unaprje\u0111enje te pobolj\u0161anje va\u0161eg iskustva pregledavanja, ove stranice moraju na va\u0161e ra\u010dunalo ili mobilni ure\u0111aj spremiti malenu koli\u010dinu informacija u obliku takozvanih kola\u010di\u0107a (engl. cookies). Nastavkom kori\u0161tenja internetske stranice pristajete [&hellip;]\" \/>\n<meta property=\"og:url\" content=\"https:\/\/psc.hr\/en\/privacy-policy\/\" \/>\n<meta property=\"og:site_name\" content=\"Point of Single Contact\" \/>\n<meta name=\"twitter:card\" content=\"summary_large_image\" \/>\n<meta name=\"twitter:label1\" content=\"Est. reading time\" \/>\n\t<meta name=\"twitter:data1\" content=\"7 minutes\" \/>\n<script type=\"application\/ld+json\" class=\"yoast-schema-graph\">{\"@context\":\"https:\/\/schema.org\",\"@graph\":[{\"@type\":\"WebPage\",\"@id\":\"https:\/\/psc.hr\/en\/privacy-policy\/\",\"url\":\"https:\/\/psc.hr\/en\/privacy-policy\/\",\"name\":\"Privacy policy - Point of Single Contact\",\"isPartOf\":{\"@id\":\"https:\/\/psc.hr\/en\/#website\"},\"datePublished\":\"2018-11-08T15:02:01+00:00\",\"dateModified\":\"2018-11-08T15:02:01+00:00\",\"breadcrumb\":{\"@id\":\"https:\/\/psc.hr\/en\/privacy-policy\/#breadcrumb\"},\"inLanguage\":\"en-US\",\"potentialAction\":[{\"@type\":\"ReadAction\",\"target\":[\"https:\/\/psc.hr\/en\/privacy-policy\/\"]}]},{\"@type\":\"BreadcrumbList\",\"@id\":\"https:\/\/psc.hr\/en\/privacy-policy\/#breadcrumb\",\"itemListElement\":[{\"@type\":\"ListItem\",\"position\":1,\"name\":\"Home\",\"item\":\"https:\/\/psc.hr\/en\/\"},{\"@type\":\"ListItem\",\"position\":2,\"name\":\"Privacy policy\"}]},{\"@type\":\"WebSite\",\"@id\":\"https:\/\/psc.hr\/en\/#website\",\"url\":\"https:\/\/psc.hr\/en\/\",\"name\":\"Point of Single Contact\",\"description\":\"Just another Point of Single Contact Croatia\",\"potentialAction\":[{\"@type\":\"SearchAction\",\"target\":{\"@type\":\"EntryPoint\",\"urlTemplate\":\"https:\/\/psc.hr\/en\/?s={search_term_string}\"},\"query-input\":\"required name=search_term_string\"}],\"inLanguage\":\"en-US\"}]}<\/script>\n<!-- \/ Yoast SEO plugin. -->","yoast_head_json":{"title":"Privacy policy - Point of Single Contact","robots":{"index":"index","follow":"follow","max-snippet":"max-snippet:-1","max-image-preview":"max-image-preview:large","max-video-preview":"max-video-preview:-1"},"canonical":"https:\/\/psc.hr\/en\/privacy-policy\/","og_locale":"en_US","og_type":"article","og_title":"Privacy policy - Point of Single Contact","og_description":"Obavijest o kola\u010di\u0107ima Hrvatske gospodarske komore Obavijest o kola\u010di\u0107ima stupa na snagu 25. Svibnja 2018 godine Za ispravan rad internetskih stranica Hrvatske gospodarske komore, njihovo unaprje\u0111enje te pobolj\u0161anje va\u0161eg iskustva pregledavanja, ove stranice moraju na va\u0161e ra\u010dunalo ili mobilni ure\u0111aj spremiti malenu koli\u010dinu informacija u obliku takozvanih kola\u010di\u0107a (engl. cookies). Nastavkom kori\u0161tenja internetske stranice pristajete [&hellip;]","og_url":"https:\/\/psc.hr\/en\/privacy-policy\/","og_site_name":"Point of Single Contact","twitter_card":"summary_large_image","twitter_misc":{"Est. reading time":"7 minutes"},"schema":{"@context":"https:\/\/schema.org","@graph":[{"@type":"WebPage","@id":"https:\/\/psc.hr\/en\/privacy-policy\/","url":"https:\/\/psc.hr\/en\/privacy-policy\/","name":"Privacy policy - Point of Single Contact","isPartOf":{"@id":"https:\/\/psc.hr\/en\/#website"},"datePublished":"2018-11-08T15:02:01+00:00","dateModified":"2018-11-08T15:02:01+00:00","breadcrumb":{"@id":"https:\/\/psc.hr\/en\/privacy-policy\/#breadcrumb"},"inLanguage":"en-US","potentialAction":[{"@type":"ReadAction","target":["https:\/\/psc.hr\/en\/privacy-policy\/"]}]},{"@type":"BreadcrumbList","@id":"https:\/\/psc.hr\/en\/privacy-policy\/#breadcrumb","itemListElement":[{"@type":"ListItem","position":1,"name":"Home","item":"https:\/\/psc.hr\/en\/"},{"@type":"ListItem","position":2,"name":"Privacy policy"}]},{"@type":"WebSite","@id":"https:\/\/psc.hr\/en\/#website","url":"https:\/\/psc.hr\/en\/","name":"Point of Single Contact","description":"Just another Point of Single Contact Croatia","potentialAction":[{"@type":"SearchAction","target":{"@type":"EntryPoint","urlTemplate":"https:\/\/psc.hr\/en\/?s={search_term_string}"},"query-input":"required name=search_term_string"}],"inLanguage":"en-US"}]}},"_links":{"self":[{"href":"https:\/\/psc.hr\/en\/wp-json\/wp\/v2\/pages\/1182"}],"collection":[{"href":"https:\/\/psc.hr\/en\/wp-json\/wp\/v2\/pages"}],"about":[{"href":"https:\/\/psc.hr\/en\/wp-json\/wp\/v2\/types\/page"}],"author":[{"embeddable":true,"href":"https:\/\/psc.hr\/en\/wp-json\/wp\/v2\/users\/4"}],"replies":[{"embeddable":true,"href":"https:\/\/psc.hr\/en\/wp-json\/wp\/v2\/comments?post=1182"}],"version-history":[{"count":1,"href":"https:\/\/psc.hr\/en\/wp-json\/wp\/v2\/pages\/1182\/revisions"}],"predecessor-version":[{"id":1183,"href":"https:\/\/psc.hr\/en\/wp-json\/wp\/v2\/pages\/1182\/revisions\/1183"}],"wp:attachment":[{"href":"https:\/\/psc.hr\/en\/wp-json\/wp\/v2\/media?parent=1182"}],"curies":[{"name":"wp","href":"https:\/\/api.w.org\/{rel}","templated":true}]}}