{"id":1470,"date":"2021-02-23T14:36:05","date_gmt":"2021-02-23T13:36:05","guid":{"rendered":"http:\/\/psc.hr\/en\/?page_id=1470"},"modified":"2025-02-20T11:28:30","modified_gmt":"2025-02-20T10:28:30","slug":"medical-biochemical-activity","status":"publish","type":"page","link":"https:\/\/psc.hr\/en\/medical-biochemical-activity\/","title":{"rendered":"Medical-biochemical activity"},"content":{"rendered":"<h1><strong><u>First option<\/u><\/strong><strong> \u2014 FREEDOM TO PROVIDE CROSS-BORDER SERVICES<\/strong><\/h1>\n<p>If you are established in an EU\/EEA country, you have the freedom to provide services on an occasional and temporary basis, without the obligation of establishment in Croatia.<\/p>\n<p>In that case, an online declaration is sent to the competent authority via <a href=\"https:\/\/pisk.gov.hr\/\">online system for recognition of foreign professional qualifications<\/a>, along with a scan of the following documents and certified translation of the documents done by a court interpreter (signed, without stamp):<\/p>\n<ul>\n<li>proof of EU\/EEA citizenship<\/li>\n<\/ul>\n<ul>\n<li>an attestation certifying that the holder is legally established in a EU\/EEA country for the purpose of pursuing the activities<\/li>\n<li>evidence of no criminal convictions<\/li>\n<li>proof that the competent authority of the EU\/EEA country of establishment has not issued a temporary or permanent ban on the provision of the service<\/li>\n<li>certificate of the nature and duration of the activity issued by the competent authority of the EU\/EEA country of establishment based on previous professional experience<\/li>\n<li>proof of professional qualification<\/li>\n<li>information on insurance<\/li>\n<\/ul>\n<h1><strong><u>Second option<\/u><\/strong><strong> \u2014 FREEDOM TO ESTABLISH<\/strong><\/h1>\n<p>If you are established in an EU\/EEA country, as a physical or legal person you have the freedom to provide services on a permanent basis, by registering an establishment and delivering the following documents:<\/p>\n<ul>\n<li>proof of professional qualification<\/li>\n<li>decision on recognised foreign professional qualification in the Republic of Croatia (certified copy)<\/li>\n<li>proof of citizenship \u2014 certified translation by a court interpreter<\/li>\n<\/ul>\n<ul>\n<li>proof of the level of knowledge of the Croatian language for the purpose of practising the profession in Croatia<\/li>\n<\/ul>\n<ul>\n<li>marriage certificate or other certificate proving change of name and\/or surname (translation)<\/li>\n<\/ul>\n<hr \/>\n<h2><strong>Recognition of qualifications<\/strong><\/h2>\n<p>Croatian Chamber of Medical Biochemists (HKMB) carries out the procedure of the recognition of foreign professional qualifications according to the general recognition system:<\/p>\n<ul>\n<li>if the professional qualification was obtained in the EU\/EEA and the applicant is an EU\/EEA national<\/li>\n<\/ul>\n<p>The application for recognition of foreign qualification which will be carried out under the general recognition system is submitted via <a href=\"https:\/\/pisk.gov.hr\/\">online system for recognition of foreign professional qualifications <\/a>to along with the following documents:<\/p>\n<ul>\n<li>proof of citizenship (plain copy and non-certified translation into Croatian)<\/li>\n<li>proof of previously completed education (plain copy and non-certified translation into Croatian<\/li>\n<li>proof of formal qualifications or other proof of completion of formal education<br \/>\n\/professional qualification (certified copy and certified translation into Croatian by a court interpreter)<\/p>\n<ul>\n<li>diploma<\/li>\n<li>diploma supplement<\/li>\n<li>study curriculum valid at the time of completion of the studies<\/li>\n<\/ul>\n<\/li>\n<li>proof of professional qualification (plain copy and non-certified translation into Croatian)<\/li>\n<li>proof of professional training and lifelong learning programme (plain copy and non-certified translation into Croatian)<\/li>\n<li>proof of professional experience where appropriate (certified copy and certified translation into Croatian by a court interpreter)<\/li>\n<li>certificate of competence (certified copy and certified translation into Croatian by a court interpreter)<\/li>\n<\/ul>\n<p><strong>Evidence required under the general system of recognition:<\/strong><\/p>\n<p>Croatian Chamber of Medical Biochemists, as the competent authority, may request the applicant to provide other evidence in accordance with Annex VII of the <a href=\"https:\/\/eur-lex.europa.eu\/legal-content\/EN\/TXT\/?uri=celex:32005L0036\">Directive 2005\/36 EC<\/a> when carrying out the above procedures:<\/p>\n<ul>\n<li>proof of good character or reputation<\/li>\n<li>proof that the competent authority of the applicant\u2019s EU\/EEA country of origin did not prohibit the applicant from practising the profession due to serious professional misconduct or criminal offence (these documents may be replaced by a statement made by the applicant before a competent judicial or administrative authority or before a notary)<\/li>\n<li>proof that the applicant is insured against financial risks arising from their professional liability on the territory of the Republic of Croatia or the EU<\/li>\n<li>power of attorney for receiving documents (authorised person for receiving documents) or power of representation to a person domiciled in the Republic of Croatia, for applicants domiciled abroad<\/li>\n<li>proof of payment of the fee<\/li>\n<\/ul>\n<hr \/>\n<h2><strong>Fees <\/strong><\/h2>\n<p>EUR 132.52 for costs of the proceedings<\/p>\n<p>The administrative fee is not paid upon request, decision or complaint.<\/p>\n<p>Payment via online banking<\/p>\n<p>IBAN: HR9623600001101567599<\/p>\n<p>Reference number: OIB (PIN) of the payer<\/p>\n<p>The purpose of the payment: Costs of the proceedings<\/p>\n<p>User: Croatian Chamber of Medical Biochemists (Hrvatska komora medicinskih biokemi\u010dara)<\/p>\n<hr \/>\n<h2><strong>Competent authority and regulations<\/strong><\/h2>\n<p><a href=\"https:\/\/zdravlje.gov.hr\/\">Ministry of Health<\/a><\/p>\n<p>Ksaver 200a, 10\u00a0000 Zagreb<\/p>\n<p>+385 1 4607 555<\/p>\n<p><a href=\"mailto:pisarnica@miz.hr\">pisarnica@miz.hr<\/a><\/p>\n<p><a href=\"https:\/\/www.hkmb.hr\/\">Croatian Chamber of Medical Biochemists<\/a><\/p>\n<p>Eugena Kumi\u010di\u0107a 5, 10 000 Zagreb<\/p>\n<p>+385 1 4572 927<\/p>\n<p><a href=\"mailto:ivica.zupan@hkmb.hr\">ivica.zupan@hkmb.hr<\/a><\/p>\n<p>Health Care Act (OG <a href=\"https:\/\/narodne-novine.nn.hr\/clanci\/sluzbeni\/2018_11_100_1929.html\">100\/18<\/a> and <a href=\"https:\/\/narodne-novine.nn.hr\/clanci\/sluzbeni\/2020_12_147_2842.html\">147\/20<\/a>)<\/p>\n<p>Act on Regulated Professions and Recognition of Foreign Professional Qualifications (OG <a href=\"https:\/\/narodne-novine.nn.hr\/clanci\/sluzbeni\/2015_07_82_1569.html\">82\/15<\/a>, <a href=\"https:\/\/narodne-novine.nn.hr\/clanci\/sluzbeni\/2019_07_70_1452.html\">70\/19<\/a> and <a href=\"https:\/\/narodne-novine.nn.hr\/clanci\/sluzbeni\/2020_04_47_948.html\">47\/20<\/a>)<\/p>\n<p>General Administrative Procedure Act (OG <a href=\"https:\/\/narodne-novine.nn.hr\/clanci\/sluzbeni\/2009_04_47_1065.html\">47\/09<\/a> and <a href=\"https:\/\/narodne-novine.nn.hr\/clanci\/sluzbeni\/2021_10_110_1930.html\">110\/21<\/a>)<\/p>\n<p>Ordinance on the Criteria for the Recognition of Foreign Professional Qualifications (OG <a href=\"https:\/\/narodne-novine.nn.hr\/clanci\/sluzbeni\/2013_07_89_1959.html\">89\/13<\/a>)<\/p>\n<hr \/>\n<h2><strong>Authorisation<\/strong><\/h2>\n<p>Upon completion of the procedure for the recognition of a foreign professional qualification carried out <u>under the general system:<\/u><\/p>\n<p>Decision of the Croatian Chamber of Medical Biochemists on administrative application.<\/p>\n<p>Deadline for obtaining <strong>recognition under the general system<\/strong>: within 3 months from the date of receipt of a duly completed application, and may be extended by a maximum of one month if there are reasonable grounds.<\/p>\n<hr \/>\n<h2><strong>Legal remedies<\/strong><\/h2>\n<p>You may submit a complaint within 15 days of receipt of the decision to the Croatian Chamber of Medical Biochemists (Hrvatska komora medicinskih biokemi\u010dara), Eugena Kumi\u010di\u0107a 5, 10 000 Zagreb, to <a href=\"mailto:ivica.zupan@hkmb.hr\">ivica.zupan@hkmb.hr<\/a> or via <a href=\"https:\/\/pisk.gov.hr\/\">online system for recognition of foreign professional qualifications<\/a>.<\/p>\n<p>The complainant must state the decision he is contesting, the name of the professional chamber as a body governed by public law which has adopted the said decision and the reasons for his dissatisfaction with the decision. If the complainant presents new facts and new evidence, it is for the complainant to state why he did not submit those facts and evidence during the proceedings at first instance before the professional chamber.<\/p>\n<p>When the medical professional chamber, as the first-instance body, receives a complaint, it will examine whether the complaint is admissible, timely and made by an authorised person.<\/p>\n<p>If the complaint is not admissible, timely and made by an authorised person, the professional chamber shall dismiss the complaint.<\/p>\n<p>If the professional chamber does not dismiss the complaint or replace the contested decision with a new one, it will immediately submit the complaint with the case file to the Ministry of Health as the second-instance body.<\/p>\n<p>The Ministry of Health must make a decision on the complaint and deliver it to the party via the first-instance body as soon as possible and no later than 60 days from the date of the submission of the duly-made complaint.<\/p>\n<p>Administrative proceedings may be initiated against the second-instance decision by filing a complaint with the competent Administrative Court (Zagreb, Split, Rijeka or Osijek) within 30 days of the date of receipt of the decision. The complaint shall be filed directly or by post and may also be recorded in the minutes.<\/p>\n<p>Last updated on \u00a017 September 2024<\/p>\n","protected":false},"excerpt":{"rendered":"<p>First option \u2014 FREEDOM TO PROVIDE CROSS-BORDER SERVICES If you are established in an EU\/EEA country, you have the freedom to provide services on an occasional and temporary basis, without the obligation of establishment in Croatia. In that case, an online declaration is sent to the competent authority via online system for recognition of foreign [&hellip;]<\/p>\n","protected":false},"author":4,"featured_media":0,"parent":0,"menu_order":0,"comment_status":"closed","ping_status":"closed","template":"","meta":{"footnotes":""},"yoast_head":"<!-- This site is optimized with the Yoast SEO plugin v22.6 - https:\/\/yoast.com\/wordpress\/plugins\/seo\/ -->\n<title>Medical-biochemical activity - Point of Single Contact<\/title>\n<meta name=\"robots\" content=\"index, follow, max-snippet:-1, max-image-preview:large, max-video-preview:-1\" \/>\n<link rel=\"canonical\" href=\"https:\/\/psc.hr\/en\/medical-biochemical-activity\/\" \/>\n<meta property=\"og:locale\" content=\"en_US\" \/>\n<meta property=\"og:type\" content=\"article\" \/>\n<meta property=\"og:title\" content=\"Medical-biochemical activity - Point of Single Contact\" \/>\n<meta property=\"og:description\" content=\"First option \u2014 FREEDOM TO PROVIDE CROSS-BORDER SERVICES If you are established in an EU\/EEA country, you have the freedom to provide services on an occasional and temporary basis, without the obligation of establishment in Croatia. In that case, an online declaration is sent to the competent authority via online system for recognition of foreign [&hellip;]\" \/>\n<meta property=\"og:url\" content=\"https:\/\/psc.hr\/en\/medical-biochemical-activity\/\" \/>\n<meta property=\"og:site_name\" content=\"Point of Single Contact\" \/>\n<meta property=\"article:modified_time\" content=\"2025-02-20T10:28:30+00:00\" \/>\n<meta name=\"twitter:card\" content=\"summary_large_image\" \/>\n<meta name=\"twitter:label1\" content=\"Est. reading time\" \/>\n\t<meta name=\"twitter:data1\" content=\"5 minutes\" \/>\n<script type=\"application\/ld+json\" class=\"yoast-schema-graph\">{\"@context\":\"https:\/\/schema.org\",\"@graph\":[{\"@type\":\"WebPage\",\"@id\":\"https:\/\/psc.hr\/en\/medical-biochemical-activity\/\",\"url\":\"https:\/\/psc.hr\/en\/medical-biochemical-activity\/\",\"name\":\"Medical-biochemical activity - Point of Single Contact\",\"isPartOf\":{\"@id\":\"https:\/\/psc.hr\/en\/#website\"},\"datePublished\":\"2021-02-23T13:36:05+00:00\",\"dateModified\":\"2025-02-20T10:28:30+00:00\",\"breadcrumb\":{\"@id\":\"https:\/\/psc.hr\/en\/medical-biochemical-activity\/#breadcrumb\"},\"inLanguage\":\"en-US\",\"potentialAction\":[{\"@type\":\"ReadAction\",\"target\":[\"https:\/\/psc.hr\/en\/medical-biochemical-activity\/\"]}]},{\"@type\":\"BreadcrumbList\",\"@id\":\"https:\/\/psc.hr\/en\/medical-biochemical-activity\/#breadcrumb\",\"itemListElement\":[{\"@type\":\"ListItem\",\"position\":1,\"name\":\"Home\",\"item\":\"https:\/\/psc.hr\/en\/\"},{\"@type\":\"ListItem\",\"position\":2,\"name\":\"Medical-biochemical activity\"}]},{\"@type\":\"WebSite\",\"@id\":\"https:\/\/psc.hr\/en\/#website\",\"url\":\"https:\/\/psc.hr\/en\/\",\"name\":\"Point of Single Contact\",\"description\":\"Just another Point of Single Contact Croatia\",\"potentialAction\":[{\"@type\":\"SearchAction\",\"target\":{\"@type\":\"EntryPoint\",\"urlTemplate\":\"https:\/\/psc.hr\/en\/?s={search_term_string}\"},\"query-input\":\"required name=search_term_string\"}],\"inLanguage\":\"en-US\"}]}<\/script>\n<!-- \/ Yoast SEO plugin. -->","yoast_head_json":{"title":"Medical-biochemical activity - Point of Single Contact","robots":{"index":"index","follow":"follow","max-snippet":"max-snippet:-1","max-image-preview":"max-image-preview:large","max-video-preview":"max-video-preview:-1"},"canonical":"https:\/\/psc.hr\/en\/medical-biochemical-activity\/","og_locale":"en_US","og_type":"article","og_title":"Medical-biochemical activity - Point of Single Contact","og_description":"First option \u2014 FREEDOM TO PROVIDE CROSS-BORDER SERVICES If you are established in an EU\/EEA country, you have the freedom to provide services on an occasional and temporary basis, without the obligation of establishment in Croatia. In that case, an online declaration is sent to the competent authority via online system for recognition of foreign [&hellip;]","og_url":"https:\/\/psc.hr\/en\/medical-biochemical-activity\/","og_site_name":"Point of Single Contact","article_modified_time":"2025-02-20T10:28:30+00:00","twitter_card":"summary_large_image","twitter_misc":{"Est. reading time":"5 minutes"},"schema":{"@context":"https:\/\/schema.org","@graph":[{"@type":"WebPage","@id":"https:\/\/psc.hr\/en\/medical-biochemical-activity\/","url":"https:\/\/psc.hr\/en\/medical-biochemical-activity\/","name":"Medical-biochemical activity - Point of Single Contact","isPartOf":{"@id":"https:\/\/psc.hr\/en\/#website"},"datePublished":"2021-02-23T13:36:05+00:00","dateModified":"2025-02-20T10:28:30+00:00","breadcrumb":{"@id":"https:\/\/psc.hr\/en\/medical-biochemical-activity\/#breadcrumb"},"inLanguage":"en-US","potentialAction":[{"@type":"ReadAction","target":["https:\/\/psc.hr\/en\/medical-biochemical-activity\/"]}]},{"@type":"BreadcrumbList","@id":"https:\/\/psc.hr\/en\/medical-biochemical-activity\/#breadcrumb","itemListElement":[{"@type":"ListItem","position":1,"name":"Home","item":"https:\/\/psc.hr\/en\/"},{"@type":"ListItem","position":2,"name":"Medical-biochemical activity"}]},{"@type":"WebSite","@id":"https:\/\/psc.hr\/en\/#website","url":"https:\/\/psc.hr\/en\/","name":"Point of Single Contact","description":"Just another Point of Single Contact Croatia","potentialAction":[{"@type":"SearchAction","target":{"@type":"EntryPoint","urlTemplate":"https:\/\/psc.hr\/en\/?s={search_term_string}"},"query-input":"required name=search_term_string"}],"inLanguage":"en-US"}]}},"_links":{"self":[{"href":"https:\/\/psc.hr\/en\/wp-json\/wp\/v2\/pages\/1470"}],"collection":[{"href":"https:\/\/psc.hr\/en\/wp-json\/wp\/v2\/pages"}],"about":[{"href":"https:\/\/psc.hr\/en\/wp-json\/wp\/v2\/types\/page"}],"author":[{"embeddable":true,"href":"https:\/\/psc.hr\/en\/wp-json\/wp\/v2\/users\/4"}],"replies":[{"embeddable":true,"href":"https:\/\/psc.hr\/en\/wp-json\/wp\/v2\/comments?post=1470"}],"version-history":[{"count":5,"href":"https:\/\/psc.hr\/en\/wp-json\/wp\/v2\/pages\/1470\/revisions"}],"predecessor-version":[{"id":2804,"href":"https:\/\/psc.hr\/en\/wp-json\/wp\/v2\/pages\/1470\/revisions\/2804"}],"wp:attachment":[{"href":"https:\/\/psc.hr\/en\/wp-json\/wp\/v2\/media?parent=1470"}],"curies":[{"name":"wp","href":"https:\/\/api.w.org\/{rel}","templated":true}]}}