{"id":1704,"date":"2022-01-21T15:35:27","date_gmt":"2022-01-21T14:35:27","guid":{"rendered":"http:\/\/psc.hr\/en\/?page_id=1704"},"modified":"2025-10-15T10:37:36","modified_gmt":"2025-10-15T08:37:36","slug":"doctors-of-medicine","status":"publish","type":"page","link":"https:\/\/psc.hr\/en\/doctors-of-medicine\/","title":{"rendered":"Doctors of medicine"},"content":{"rendered":"<h1><strong><u>First option<\/u><\/strong><strong> \u2014 FREEDOM TO PROVIDE CROSS-BORDER SERVICES<\/strong><\/h1>\n<p>If you are established in an EU\/EEA country, you have the freedom to provide services on an occasional and temporary basis, without the obligation of establishment in Croatia or mandatory membership in the Croatian Medical Chamber.<\/p>\n<p>In that case, an online declaration is sent to the competent authority via <a href=\"https:\/\/pisk.gov.hr\/\">online system for recognition of foreign professional qualifications<\/a>, along with a photo or a scan of the following documents and certified translation of the documents done by a court interpreter:<\/p>\n<ul>\n<li>proof of EU\/EEA citizenship<\/li>\n<\/ul>\n<ul>\n<li>certificate of establishment in EU\/EEA country for practising the profession<\/li>\n<li>criminal records bureau certificate<\/li>\n<li>proof that the competent authority of the EU\/EEA country of establishment has not issued a temporary or permanent ban on the provision of the service<\/li>\n<li>certificate of the nature and duration of the activity issued by the competent authority of the EU\/EEA country of establishment based on previous professional experience<\/li>\n<li>proof of professional qualifications (diploma in medicine, certificate\/diploma of specialisation, certificate of conformity of the professional qualification with the Directive issued by the competent authority or certificate of acquired rights issued by the competent authority of an EU\/EEA country)<\/li>\n<li>proof of the level of knowledge of the Croatian language for the purpose of practising the profession in Croatia (due to the impact on patient safety)<\/li>\n<\/ul>\n<p>A competent authority will verify the above data via the Internal Market Information System (IMI).<\/p>\n<p>Information on insurance will be submitted directly to the competent authority by post, along with certified copies of the original and Croatian translation of said documents done by a court interpreter.<\/p>\n<h1><strong><u>Second option<\/u><\/strong><strong> \u2014 FREEDOM TO ESTABLISH<\/strong><\/h1>\n<p>If you are established in an EU\/EEA country, as a physical or legal person you have the freedom to provide services on a permanent basis, by registering an establishment and delivering the following documents:<\/p>\n<ul>\n<li>proof of professional qualifications (diploma in medicine, certificate\/diploma of specialisation, certificate of conformity of the professional qualification with the Directive issued by the competent authority or certificate of acquired rights issued by the competent authority of an EU\/EEA country) (certified translation by a court interpreter),<\/li>\n<li>decision on recognised foreign professional qualification in the Republic of Croatia (certified copy),<\/li>\n<li>proof of membership and license for independent work issued by the Croatian Medical Chamber,<\/li>\n<li>proof of citizenship \u2014 certified translation by a court interpreter,<\/li>\n<li>marriage certificate or other certificate proving change of name and\/or surname (translation).<\/li>\n<\/ul>\n<p>A competent authority will verify the data under point 1 via the Internal Market Information System (IMI).<\/p>\n<hr \/>\n<h2><strong>Recognition of qualifications<\/strong><\/h2>\n<p>The Croatian Medical Chamber carries out the procedure of the recognition of professional qualifications for doctors of medicine and specialist doctors of medicine according to the automatic recognition system \u2022\u00a0\u00a0\u00a0\u00a0\u00a0\u00a0 if the professional qualification was obtained in the EU\/EEA and the applicant is an EU\/EEA national.<\/p>\n<p>The application for recognition of the qualification which will be carried out under the automatic recognition system is submitted via <a href=\"https:\/\/pisk.gov.hr\/\">online system for recognition of foreign professional qualifications<\/a> along with the following documents and their certified translation into Croatian done by a court interpreter:<\/p>\n<ul>\n<li>proof of formal qualifications or other evidence of completion of formal education (the professional qualification of a doctor of medicine),<\/li>\n<li>document certifying successful completion of the professional state examination, when necessary<\/li>\n<li>proof of professional qualification.<\/li>\n<\/ul>\n<p>A competent authority will verify the above data via the Internal Market Information System (IMI).<\/p>\n<p>The application and documentation may be submitted by post or directly to the competent authority or by electronic means referred to above.<\/p>\n<p><strong>I. Evidence required by the automatic recognition system:<\/strong><\/p>\n<ul>\n<li>proof of professional qualification set out in points 5.1.1, 5.1.2 and\/or 5.1.3 or 5.1.4. of the <a href=\"https:\/\/eur-lex.europa.eu\/legal-content\/EN\/TXT\/?uri=celex:32005L0036\">Directive 2005\/36 EC<\/a> (a certificate from the competent authority of the applicant\u2019s EU\/EEA country of origin attesting that this evidence of formal qualifications is precisely the one covered by the Directive may also be submitted; the Croatian Medical Chamber can verify this with another authority via IMI system),<\/li>\n<li>certificate from the competent authority of the applicant&#8217;s EU\/EEA country of origin confirming that the professional qualification meets the minimum training requirements set out in Articles 23 and 24 (basic medical training) or Article 25 (specialist medical training) or Article 28 (specific training in general medical practice) of Directive 2005\/36 EC (the said certificate may be requested by the Croatian Medical Chamber from another authority via the IMI system),<\/li>\n<li>certificate of acquired rights from the competent authority of the applicant\u2019s EU\/EEA country of origin when the professional qualification does not meet the minimum training requirements set out in Articles 24, 25 or 28 of the <a href=\"https:\/\/eur-lex.europa.eu\/legal-content\/EN\/TXT\/?uri=celex:32005L0036\">Directive 2005\/36 EC<\/a> where the training commenced before the reference date referred to in points 5.1.1, 5.1.2 and\/or 5.1.3 or 5.1.4 of<strong> Directive 2005\/36 EC<\/strong>, and the holder of the professional qualification has actually and lawfully pursued the profession of a medical doctor or specialist doctor for at least three consecutive years within the five years preceding the issue of the certificate;<\/li>\n<li>in case the applicant\u2019s professional qualification acquired outside the EU\/EEA has already been recognised by another EU\/EEA country, the application must be accompanied by:\n<ul>\n<li>evidence that the EU\/EEA country has recognised the professional qualification obtained in a third country and has established the minimum training requirements referred to in Articles 24, 25 or 28 of the Directive<\/li>\n<li>certificate from the same EU\/EEA country attesting that the applicant has actually and lawfully practised the professional activity as a medical doctor or medical specialist in that EU\/EEA country for at least three years.<\/li>\n<\/ul>\n<\/li>\n<\/ul>\n<p>The competent authority will verify the above data via the Internal Market Information System (IMI).<\/p>\n<p><strong>II. Evidence required by the general recognition system <\/strong>shall be submitted to the competent authority by post as certified copies of the original with a translation into Croatian:<\/p>\n<ul>\n<li>proof of citizenship,<\/li>\n<li>proof of previously completed education,<\/li>\n<li>proof of formal qualifications or other proof of completion of formal education:\n<ul>\n<li>diploma,<\/li>\n<li>diploma supplement,<\/li>\n<li>study curriculum valid at the time of completion of the studies,<\/li>\n<\/ul>\n<\/li>\n<li>proof of professional training and lifelong learning programme,<\/li>\n<li>proof of professional experience,<\/li>\n<li>proof of membership in a foreign medical chamber, if a member,<\/li>\n<li>certificate of competence.<\/li>\n<\/ul>\n<p>The Croatian Medical Chamber, as the competent authority, may request the applicant to provide other evidence in accordance with Annex VII of the <a href=\"https:\/\/eur-lex.europa.eu\/legal-content\/EN\/TXT\/?uri=celex:32005L0036\">Directive 2005\/36 EC<\/a> when carrying out the above procedures:<\/p>\n<ul>\n<li>proof of good character or reputation (or to be verified via IMI),<\/li>\n<li>evidence that the competent authority of the applicant\u2019s EU\/EEA country of origin did not prohibit the applicant from practising the profession as a doctor or specialist due to serious professional misconduct or criminal offence (these documents may be replaced by a statement made by the applicant before a competent judicial or administrative authority or before a notary),<\/li>\n<li>proof that the applicant is insured against financial risks arising from their professional liability on the territory of the Republic of Croatia or the EU,<\/li>\n<li>power of attorney for receiving documents or power of representation to a person domiciled in the Republic of Croatia, for applicants domiciled abroad,<\/li>\n<li>proof of payment of the fee.<\/li>\n<\/ul>\n<hr \/>\n<h2><strong>Fees<\/strong><\/h2>\n<p>EUR 66.26 for costs incurred by the Croatian Medical Chamber in the implementation of the procedure for the recognition of foreign professional qualifications under the automatic recognition system<\/p>\n<p>EUR 132.52 for costs incurred by the Croatian Medical Chamber in the implementation of the procedure for the recognition of foreign professional qualifications under the general recognition system<\/p>\n<p>EUR 13.25 for the registration fee for membership in the Croatian Medical Chamber<\/p>\n<p>EUR 198.78 for the annual membership fee in the Croatian Medical Chamber<\/p>\n<p>The administrative fee is not paid upon request, decision or complaint.<\/p>\n<p>Payment via online banking<\/p>\n<p>IBAN: HR 49 2360000 1101464267<\/p>\n<p>Reference number: OIB or JMBG of the payer \u2014 430<\/p>\n<p>The purpose of the payment: the cost of the procedure for recognition of foreign professional qualifications according to the automatic recognition system of the Croatian Medical Chamber<\/p>\n<p>User: Hrvatska lije\u010dni\u010dka komora, Grge Tu\u0161kana 37, 10000 Zagreb<\/p>\n<p>In the case payment is made abroad, the equivalent of the above amount shall be paid at the mid-market exchange rate of the Croatian National Bank on the day of payment, to:<\/p>\n<p>Giro account\/IBAN of the Croatian Medical Chamber (Hrvatska lije\u010dni\u010dka komora), opened at Zagreba\u010dka banka d.d., Trg Bana Josipa Jela\u010di\u0107a 10, 10000 Zagreb: HR 49 2360000 1101464267<\/p>\n<p>SWIFT\/BIC: ZABAHR2X<\/p>\n<p>Payment model: 67<\/p>\n<p>Reference number: Applicant\u2019s OIB or other applicant\u2019s identification number<\/p>\n<hr \/>\n<h2><strong>Competent authority and regulations<\/strong><\/h2>\n<p><a href=\"https:\/\/zdravlje.gov.hr\/\">Ministry of Health<\/a><\/p>\n<p>Ksaver 200a, 10\u00a0000 Zagreb<\/p>\n<p>+\u00a0385\u00a01 4607\u00a0555<\/p>\n<p><a href=\"mailto:pisarnica@miz.hr\">pisarnica@miz.hr<\/a><\/p>\n<p><a href=\"http:\/\/www.hlk.hr\">Croatian Medical Chamber<\/a><\/p>\n<p>Professional Medical, Legal and International Affairs Service<\/p>\n<p>Department for Professional, Medical and International Affairs<\/p>\n<p>Ul. Grge Tu\u0161kana 37, 10000 Zagreb<\/p>\n<p>+\u00a0385\u00a01 4500\u00a0830<\/p>\n<p><a href=\"mailto:hlk@hlk.hr\">hlk@hlk.hr<\/a><\/p>\n<p>Health Care Act (OG <a href=\"https:\/\/narodne-novine.nn.hr\/clanci\/sluzbeni\/2018_11_100_1929.html\">100\/18<\/a>, <a href=\"https:\/\/narodne-novine.nn.hr\/clanci\/sluzbeni\/2019_12_125_2499.html\">125\/19<\/a>, <a href=\"https:\/\/narodne-novine.nn.hr\/clanci\/sluzbeni\/2020_12_147_2842.html\">147\/20<\/a><a href=\"https:\/\/narodne-novine.nn.hr\/clanci\/sluzbeni\/2022_10_119_1838.html\">119\/22<\/a><a href=\"https:\/\/narodne-novine.nn.hr\/clanci\/sluzbeni\/2022_12_156_2518.html\">156\/22<\/a><a href=\"https:\/\/narodne-novine.nn.hr\/clanci\/sluzbeni\/2023_03_33_582.html\">33\/23<\/a><a href=\"https:\/\/narodne-novine.nn.hr\/clanci\/sluzbeni\/2024_03_36_579.html\">36\/24<\/a><a href=\"https:\/\/narodne-novine.nn.hr\/clanci\/sluzbeni\/2025_07_102_1405.html\">102\/25<\/a>)<\/p>\n<p>Act on Regulated Professions and Recognition of Foreign Professional Qualifications (OG <a href=\"https:\/\/narodne-novine.nn.hr\/clanci\/sluzbeni\/2015_07_82_1569.html\">82\/15<\/a>, <a href=\"https:\/\/narodne-novine.nn.hr\/clanci\/sluzbeni\/2019_07_70_1452.html\">70\/19<\/a>, <a href=\"https:\/\/narodne-novine.nn.hr\/clanci\/sluzbeni\/2020_04_47_948.html\">47\/20<\/a><a href=\"https:\/\/narodne-novine.nn.hr\/clanci\/sluzbeni\/2023_10_123_1698.html\">123\/23<\/a><\/p>\n<p>General Administrative Procedure Act (OG <a href=\"https:\/\/narodne-novine.nn.hr\/clanci\/sluzbeni\/2009_04_47_1065.html\">47\/09<\/a> and <a href=\"https:\/\/narodne-novine.nn.hr\/clanci\/sluzbeni\/2021_10_110_1930.html\">110\/21<\/a>)<\/p>\n<p>Ordinance on the Criteria for the Recognition of Foreign Professional Qualifications (OG <a href=\"https:\/\/narodne-novine.nn.hr\/clanci\/sluzbeni\/2013_07_89_1959.html\">89\/13<\/a>)<\/p>\n<hr \/>\n<h2><strong>Authorization<\/strong><\/h2>\n<p>Upon completion of the procedure for the recognition of a foreign professional qualification carried out under the automatic system:<\/p>\n<p>Decision of the Croatian Medical Chamber on Recognition of Foreign Professional Qualification.<\/p>\n<p>Deadline for obtaining <strong>automatic recognition<\/strong>: within 30 days and no later than 3 months from the date of receipt of a duly completed application.<\/p>\n<p>Deadline for obtaining <strong>recognition under the general system<\/strong>: within 3 months from the date of receipt of a duly completed application, and may be extended by a maximum of one month if there are reasonable grounds. <strong>Within one month from the date of implementation of the supplementary measure.<\/strong><\/p>\n<p><strong>Explanation<\/strong>: supplementary competence check \u2014 6 months deadline, supplementary adaptation measure \u2014 deadline up to 3 years<\/p>\n<hr \/>\n<h2><strong>Legal remedies<\/strong><\/h2>\n<p>You may submit a complaint within 15 days of receipt of the decision to the Croatian Medical Chamber, Zagreb Ulica Grge Tu\u0161kana 37 or electronically via <a href=\"mailto:hlk@hlk.hr\">hlk@hlk.hr<\/a> or <a href=\"https:\/\/pisk.gov.hr\/\">via <u>online system for recognition of foreign professional qualifications<\/u> <\/a><\/p>\n<p>The complainant must state the decision he is contesting, the name of the professional chamber as a body governed by public law which has adopted the said decision and the reasons for his dissatisfaction with the decision. If the complainant presents new facts and new evidence, it is for the complainant to state why he did not submit those facts and evidence during the proceedings at first instance before the professional chamber.<\/p>\n<p>When the medical professional chamber, as the first-instance body, receives a complaint, it will examine whether the complaint is admissible, timely and made by an authorised person.<\/p>\n<p>If the complaint is not admissible, timely and made by an authorised person, the professional chamber shall dismiss the complaint by a decision.<\/p>\n<p>If the professional chamber does not dismiss the complaint or replace the contested decision with a new one, it will immediately submit the complaint with the case file to the Ministry of Health as the second-instance body.<\/p>\n<p>The Ministry of Health must make a decision on the complaint and deliver it to the party via the first-instance body as soon as possible and no later than 60 days from the date of the submission of the duly made complaint.<\/p>\n<p>Administrative proceedings may be initiated against the second-instance decision by filing a complaint with the competent Administrative Court (Zagreb, Split, Rijeka or Osijek) within 30 days of the date of receipt of the decision. The complaint shall be filed directly or by post and may also be recorded in the minutes.<\/p>\n<p>Last updated on 9 October 2025.<\/p>\n","protected":false},"excerpt":{"rendered":"<p>First option \u2014 FREEDOM TO PROVIDE CROSS-BORDER SERVICES If you are established in an EU\/EEA country, you have the freedom to provide services on an occasional and temporary basis, without the obligation of establishment in Croatia or mandatory membership in the Croatian Medical Chamber. In that case, an online declaration is sent to the competent [&hellip;]<\/p>\n","protected":false},"author":5,"featured_media":0,"parent":0,"menu_order":0,"comment_status":"closed","ping_status":"closed","template":"","meta":{"footnotes":""},"yoast_head":"<!-- This site is optimized with the Yoast SEO plugin v22.6 - https:\/\/yoast.com\/wordpress\/plugins\/seo\/ -->\n<title>Doctors of medicine - Point of Single Contact<\/title>\n<meta name=\"robots\" content=\"index, follow, max-snippet:-1, max-image-preview:large, max-video-preview:-1\" \/>\n<link rel=\"canonical\" href=\"https:\/\/psc.hr\/en\/doctors-of-medicine\/\" \/>\n<meta property=\"og:locale\" content=\"en_US\" \/>\n<meta property=\"og:type\" content=\"article\" \/>\n<meta property=\"og:title\" content=\"Doctors of medicine - Point of Single Contact\" \/>\n<meta property=\"og:description\" content=\"First option \u2014 FREEDOM TO PROVIDE CROSS-BORDER SERVICES If you are established in an EU\/EEA country, you have the freedom to provide services on an occasional and temporary basis, without the obligation of establishment in Croatia or mandatory membership in the Croatian Medical Chamber. In that case, an online declaration is sent to the competent [&hellip;]\" \/>\n<meta property=\"og:url\" content=\"https:\/\/psc.hr\/en\/doctors-of-medicine\/\" \/>\n<meta property=\"og:site_name\" content=\"Point of Single Contact\" \/>\n<meta property=\"article:modified_time\" content=\"2025-10-15T08:37:36+00:00\" \/>\n<meta name=\"twitter:card\" content=\"summary_large_image\" \/>\n<meta name=\"twitter:label1\" content=\"Est. reading time\" \/>\n\t<meta name=\"twitter:data1\" content=\"9 minutes\" \/>\n<script type=\"application\/ld+json\" class=\"yoast-schema-graph\">{\"@context\":\"https:\/\/schema.org\",\"@graph\":[{\"@type\":\"WebPage\",\"@id\":\"https:\/\/psc.hr\/en\/doctors-of-medicine\/\",\"url\":\"https:\/\/psc.hr\/en\/doctors-of-medicine\/\",\"name\":\"Doctors of medicine - Point of Single Contact\",\"isPartOf\":{\"@id\":\"https:\/\/psc.hr\/en\/#website\"},\"datePublished\":\"2022-01-21T14:35:27+00:00\",\"dateModified\":\"2025-10-15T08:37:36+00:00\",\"breadcrumb\":{\"@id\":\"https:\/\/psc.hr\/en\/doctors-of-medicine\/#breadcrumb\"},\"inLanguage\":\"en-US\",\"potentialAction\":[{\"@type\":\"ReadAction\",\"target\":[\"https:\/\/psc.hr\/en\/doctors-of-medicine\/\"]}]},{\"@type\":\"BreadcrumbList\",\"@id\":\"https:\/\/psc.hr\/en\/doctors-of-medicine\/#breadcrumb\",\"itemListElement\":[{\"@type\":\"ListItem\",\"position\":1,\"name\":\"Home\",\"item\":\"https:\/\/psc.hr\/en\/\"},{\"@type\":\"ListItem\",\"position\":2,\"name\":\"Doctors of medicine\"}]},{\"@type\":\"WebSite\",\"@id\":\"https:\/\/psc.hr\/en\/#website\",\"url\":\"https:\/\/psc.hr\/en\/\",\"name\":\"Point of Single Contact\",\"description\":\"Just another Point of Single Contact Croatia\",\"potentialAction\":[{\"@type\":\"SearchAction\",\"target\":{\"@type\":\"EntryPoint\",\"urlTemplate\":\"https:\/\/psc.hr\/en\/?s={search_term_string}\"},\"query-input\":\"required name=search_term_string\"}],\"inLanguage\":\"en-US\"}]}<\/script>\n<!-- \/ Yoast SEO plugin. -->","yoast_head_json":{"title":"Doctors of medicine - Point of Single Contact","robots":{"index":"index","follow":"follow","max-snippet":"max-snippet:-1","max-image-preview":"max-image-preview:large","max-video-preview":"max-video-preview:-1"},"canonical":"https:\/\/psc.hr\/en\/doctors-of-medicine\/","og_locale":"en_US","og_type":"article","og_title":"Doctors of medicine - Point of Single Contact","og_description":"First option \u2014 FREEDOM TO PROVIDE CROSS-BORDER SERVICES If you are established in an EU\/EEA country, you have the freedom to provide services on an occasional and temporary basis, without the obligation of establishment in Croatia or mandatory membership in the Croatian Medical Chamber. In that case, an online declaration is sent to the competent [&hellip;]","og_url":"https:\/\/psc.hr\/en\/doctors-of-medicine\/","og_site_name":"Point of Single Contact","article_modified_time":"2025-10-15T08:37:36+00:00","twitter_card":"summary_large_image","twitter_misc":{"Est. reading time":"9 minutes"},"schema":{"@context":"https:\/\/schema.org","@graph":[{"@type":"WebPage","@id":"https:\/\/psc.hr\/en\/doctors-of-medicine\/","url":"https:\/\/psc.hr\/en\/doctors-of-medicine\/","name":"Doctors of medicine - Point of Single Contact","isPartOf":{"@id":"https:\/\/psc.hr\/en\/#website"},"datePublished":"2022-01-21T14:35:27+00:00","dateModified":"2025-10-15T08:37:36+00:00","breadcrumb":{"@id":"https:\/\/psc.hr\/en\/doctors-of-medicine\/#breadcrumb"},"inLanguage":"en-US","potentialAction":[{"@type":"ReadAction","target":["https:\/\/psc.hr\/en\/doctors-of-medicine\/"]}]},{"@type":"BreadcrumbList","@id":"https:\/\/psc.hr\/en\/doctors-of-medicine\/#breadcrumb","itemListElement":[{"@type":"ListItem","position":1,"name":"Home","item":"https:\/\/psc.hr\/en\/"},{"@type":"ListItem","position":2,"name":"Doctors of medicine"}]},{"@type":"WebSite","@id":"https:\/\/psc.hr\/en\/#website","url":"https:\/\/psc.hr\/en\/","name":"Point of Single Contact","description":"Just another Point of Single Contact Croatia","potentialAction":[{"@type":"SearchAction","target":{"@type":"EntryPoint","urlTemplate":"https:\/\/psc.hr\/en\/?s={search_term_string}"},"query-input":"required name=search_term_string"}],"inLanguage":"en-US"}]}},"_links":{"self":[{"href":"https:\/\/psc.hr\/en\/wp-json\/wp\/v2\/pages\/1704"}],"collection":[{"href":"https:\/\/psc.hr\/en\/wp-json\/wp\/v2\/pages"}],"about":[{"href":"https:\/\/psc.hr\/en\/wp-json\/wp\/v2\/types\/page"}],"author":[{"embeddable":true,"href":"https:\/\/psc.hr\/en\/wp-json\/wp\/v2\/users\/5"}],"replies":[{"embeddable":true,"href":"https:\/\/psc.hr\/en\/wp-json\/wp\/v2\/comments?post=1704"}],"version-history":[{"count":6,"href":"https:\/\/psc.hr\/en\/wp-json\/wp\/v2\/pages\/1704\/revisions"}],"predecessor-version":[{"id":3100,"href":"https:\/\/psc.hr\/en\/wp-json\/wp\/v2\/pages\/1704\/revisions\/3100"}],"wp:attachment":[{"href":"https:\/\/psc.hr\/en\/wp-json\/wp\/v2\/media?parent=1704"}],"curies":[{"name":"wp","href":"https:\/\/api.w.org\/{rel}","templated":true}]}}