{"id":355,"date":"2017-02-17T13:53:55","date_gmt":"2017-02-17T12:53:55","guid":{"rendered":"http:\/\/psc.hr\/en\/?page_id=355"},"modified":"2023-01-27T11:33:38","modified_gmt":"2023-01-27T10:33:38","slug":"management-of-the-liquefied-natural-gas-terminal","status":"publish","type":"page","link":"https:\/\/psc.hr\/en\/management-of-the-liquefied-natural-gas-terminal\/","title":{"rendered":"Management of the liquefied natural gas terminal"},"content":{"rendered":"<div class=\"content_center\">\n<div class=\"three_quarter right_col\">\n<div class=\"body-text\">\n<h1><strong>FREEDOM TO ESTABLISH<\/strong><\/h1>\n<p>If you are established in EU\/EEA country, you as a physical or legal person have freedom to provide the service of management of the liquefied natural gas terminal on a permanent basis in Croatia, if you register an <a href=\"https:\/\/psc.hr\/en\/establishment\/\">establishment<\/a> in Croatia and obtain the licence for performing the energy activity of management of the liquefied natural gas terminal from the Croatian Energy Regulatory Agency and submit the following documents, i.e. fulfil the following conditions:<\/p>\n<p>Proof of general qualifications:<\/p>\n<ul>\n<li>Completed form Application for Issuing of the license for performing the energy activity of management of the liquefied natural gas terminal (<a href=\"https:\/\/www.hera.hr\/hr\/docs\/ZDOED.docx\">ZDOED obrazac<\/a>), signed by a legal or a physical person (further in the text: the Applicant)<\/li>\n<li>An excerpt from the relevant register proving that the Applicant is registered for performing the energy activity of management of the liquefied natural gas terminal or the information concerning a public record from which the Agency can obtain confirmation that the legal or a physical person is registered for performing the energy activity of management of the liquefied natural gas terminal<\/li>\n<li>A statement by the responsible person that members of the board or their subordinates in the legal person have not been convicted by a final judgment for criminal offences against the economy in the last five years, certified by a notary public, or a statement by a physical person that he\/she has not been convicted by a final judgment for criminal offences against the economy in the last three years, certified by a notary public<\/li>\n<li>Proof of payment of the license fee<\/li>\n<\/ul>\n<p>Proof of technical qualifications:<\/p>\n<ul>\n<li>The evidence of ownership or the right of usage of premises for business purposes based on the lease contract or another contract concluded with the owner of the leased premises<\/li>\n<li>Use permits or other necessary certificates as proofs of compliance with the legislation regulating physical planning and construction and with other specific legislation based on which a building and\/or equipment can be used, operated or an energy activity can be performed<\/li>\n<li>A statement by the responsible person that the authorized inspection has not detected deficiencies to be rectified or if the deficiencies had been identified by the inspection, a proof of their rectification<\/li>\n<li>A list of ongoing contracts with other legal entities that affect the technical qualifications of the Applicant (if concluded)<\/li>\n<li>The description of the liquefied natural gas (LNG) terminal with basic technical data, including the description of the control device for operative automation of the LNG terminal and the measurement system of inflows and outflows, as well as the system for monitoring of gas quality parameters<\/li>\n<li>A list of terminal users with the information on usage of the terminal capacities in the last two years, as well as the plan for the year the application is submitted<\/li>\n<li>Sample LNG terminal use agreement<\/li>\n<li>The three-year development and investment plan for performing the energy activity of management of the liquefied natural gas terminal signed by the responsible person in the legal person or the three-year development and investment plan for performing the energy activity of management of the liquefied natural gas terminal signed by a physical person<\/li>\n<\/ul>\n<p>Proof of professional qualifications:<\/p>\n<ul>\n<li>The organization chart or a section of the Applicant\u2019s organization chart concerning the energy activity of management of the liquefied natural gas terminal<\/li>\n<li>A list of workers employed in the energy activity of management of the liquefied natural gas terminal with the data concerning the level of education, the workplace and the job description according to the Staff Establishment Plan signed by the responsible person in the legal person or by the physical person<\/li>\n<li>A list of ongoing contracts with other legal entities that affect the professional qualifications of the Applicant (if concluded)<\/li>\n<\/ul>\n<p>Proof of monetary qualifications:<\/p>\n<ul>\n<li>The form BON-1 and for a physical person a cash inflows and outflows ledger reported to the tax authorities in the last two years<\/li>\n<li>The form BON-2 or the Solvency Certificate issued by the business bank for the legal or a physical person<\/li>\n<\/ul>\n<hr>\n<h2><strong>Fees <\/strong><\/h2>\n<p>HRK 20,000 + VAT (for application for issuing of the licence to perform the energy activity of management of the liquefied natural gas terminal)<\/p>\n<p>Payment via online banking<\/p>\n<p>From: Company title, Company Address<\/p>\n<p>(in case of physical persons use full name or title)<\/p>\n<p>Receiver: HERA, Ulica grada Vukovara 14, 10000 Zagreb, Croatia<\/p>\n<p>VAT No.: HR83764654530<\/p>\n<p>Bank: Hrvatska po\u0161tanska banka, Juri\u0161i\u0107eva 4, 10000 Zagreb, Croatia<\/p>\n<p>IBAN: HR9123900011100027703<\/p>\n<p>BIC code: HPBZHR2X<\/p>\n<p>Reference No.: VAT Number of the natural or legal person submitting the ZDOED Form<\/p>\n<hr>\n<h2><strong>Application<\/strong><\/h2>\n<\/div>\n<\/div>\n<\/div>\n<div class=\"footer_vspacing\">\n<div class=\"featuredBlock\">\n<p><a href=\"mailto:hera@hera.hr\">hera@hera.hr<\/a> (e-address for sending photographed or scanned documents; signed, without a stamp)<\/p>\n<p>Do you need any assistance? <a href=\"https:\/\/psc.hr\/en\/contact\/\">Contact us<\/a>.<\/p>\n<\/div>\n<\/div>\n<hr>\n<h2><strong>Competent authority and regulations <\/strong><\/h2>\n<p>Croatian Energy Regulatory Agency<\/p>\n<p>Ulica grada Vukovara 14, 10 000 Zagreb<\/p>\n<p>+385 1 6323 700\/6326 777<\/p>\n<p><a href=\"mailto:hera@hera.hr\">hera@hera.hr<\/a><\/p>\n<p>Gas Market Act (NN,<a href=\"https:\/\/narodne-novine.nn.hr\/clanci\/sluzbeni\/2018_02_18_372.html\"> 18\/18<\/a> &nbsp;<a href=\"https:\/\/narodne-novine.nn.hr\/clanci\/sluzbeni\/2020_03_23_560.html\">23\/20<\/a>)<\/p>\n<p>Energy Act (NN,<a href=\"https:\/\/narodne-novine.nn.hr\/clanci\/sluzbeni\/2012_10_120_2583.html\">120\/12<\/a>,&nbsp;<a href=\"https:\/\/narodne-novine.nn.hr\/clanci\/sluzbeni\/2014_02_14_296.html\">14\/14<\/a>,&nbsp;<a href=\"https:\/\/narodne-novine.nn.hr\/clanci\/sluzbeni\/2015_09_102_1975.html\">102\/15<\/a>,&nbsp;<a href=\"https:\/\/narodne-novine.nn.hr\/clanci\/sluzbeni\/2018_07_68_1397.html\">68\/18<\/a>&nbsp;\u2013 Act on the Amendments to the Act on the Regulation of Energy Activities)<\/p>\n<p>Ordinance on Licenses for Carrying Out Energy Activities and Keeping the Register of Issued and Revoked Licenses for Energy Activities<em> (<\/em>NN,<a href=\"https:\/\/narodne-novine.nn.hr\/clanci\/sluzbeni\/2015_08_88_1733.html\"> 88\/15<\/a>,&nbsp;<a href=\"https:\/\/narodne-novine.nn.hr\/clanci\/sluzbeni\/2015_10_114_2179.html\">114\/15<\/a>,&nbsp;<a href=\"https:\/\/narodne-novine.nn.hr\/clanci\/sluzbeni\/2018_07_66_1348.html\">66\/18<\/a>)<\/p>\n<p>Decision on the Fees for Carrying Out the Regulation of Energy Activities (NN,<a href=\"https:\/\/narodne-novine.nn.hr\/clanci\/sluzbeni\/2008_12_155_4218.html\"> 155\/08<\/a>,&nbsp;<a href=\"https:\/\/narodne-novine.nn.hr\/clanci\/sluzbeni\/2009_04_50_1163.html\">50\/09<\/a>,&nbsp;<a href=\"https:\/\/narodne-novine.nn.hr\/clanci\/sluzbeni\/2009_08_103_2659.html\">103\/09<\/a>,&nbsp;<a href=\"https:\/\/narodne-novine.nn.hr\/clanci\/sluzbeni\/2012_02_21_562.html\">21\/12<\/a><\/p>\n<hr>\n<h2><strong>Authorization<\/strong><\/h2>\n<p>Decision on Issuing the License for Carrying Out the Energy Activity of Management of the Liquefied Natural Gas Terminal<\/p>\n<p>Deadline: 30 days and in case of examination procedure 60 days<\/p>\n<hr>\n<h2><strong>Legal remedies <\/strong><\/h2>\n<p>It is not possible to submit a complaint against the Decision of the Croatian Energy Regulatory Agency, but it is possible to initiate administrative dispute at the competent administrative court.<\/p>\n<p>The administrative dispute is initiated by filing a suit at the Administrative Court in Zagreb, Avenija Dubrovnik 6 and 8, Zagreb.<\/p>\n<p>Last updated on 14 December 2021<\/p>\n","protected":false},"excerpt":{"rendered":"<p>FREEDOM TO ESTABLISH If you are established in EU\/EEA country, you as a physical or legal person have freedom to provide the service of management of the liquefied natural gas terminal on a permanent basis in Croatia, if you register an establishment in Croatia and obtain the licence for performing the energy activity of management [&hellip;]<\/p>\n","protected":false},"author":1,"featured_media":0,"parent":0,"menu_order":0,"comment_status":"closed","ping_status":"closed","template":"","meta":{"footnotes":""},"yoast_head":"<!-- This site is optimized with the Yoast SEO plugin v22.6 - https:\/\/yoast.com\/wordpress\/plugins\/seo\/ -->\n<title>Management of the liquefied natural gas terminal - Point of Single Contact<\/title>\n<meta name=\"robots\" content=\"index, follow, max-snippet:-1, max-image-preview:large, max-video-preview:-1\" \/>\n<link rel=\"canonical\" href=\"https:\/\/psc.hr\/en\/management-of-the-liquefied-natural-gas-terminal\/\" \/>\n<meta property=\"og:locale\" content=\"en_US\" \/>\n<meta property=\"og:type\" content=\"article\" \/>\n<meta property=\"og:title\" content=\"Management of the liquefied natural gas terminal - Point of Single Contact\" \/>\n<meta property=\"og:description\" content=\"FREEDOM TO ESTABLISH If you are established in EU\/EEA country, you as a physical or legal person have freedom to provide the service of management of the liquefied natural gas terminal on a permanent basis in Croatia, if you register an establishment in Croatia and obtain the licence for performing the energy activity of management [&hellip;]\" \/>\n<meta property=\"og:url\" content=\"https:\/\/psc.hr\/en\/management-of-the-liquefied-natural-gas-terminal\/\" \/>\n<meta property=\"og:site_name\" content=\"Point of Single Contact\" \/>\n<meta property=\"article:modified_time\" content=\"2023-01-27T10:33:38+00:00\" \/>\n<meta name=\"twitter:card\" content=\"summary_large_image\" \/>\n<meta name=\"twitter:label1\" content=\"Est. reading time\" \/>\n\t<meta name=\"twitter:data1\" content=\"6 minutes\" \/>\n<script type=\"application\/ld+json\" class=\"yoast-schema-graph\">{\"@context\":\"https:\/\/schema.org\",\"@graph\":[{\"@type\":\"WebPage\",\"@id\":\"https:\/\/psc.hr\/en\/management-of-the-liquefied-natural-gas-terminal\/\",\"url\":\"https:\/\/psc.hr\/en\/management-of-the-liquefied-natural-gas-terminal\/\",\"name\":\"Management of the liquefied natural gas terminal - Point of Single Contact\",\"isPartOf\":{\"@id\":\"https:\/\/psc.hr\/en\/#website\"},\"datePublished\":\"2017-02-17T12:53:55+00:00\",\"dateModified\":\"2023-01-27T10:33:38+00:00\",\"breadcrumb\":{\"@id\":\"https:\/\/psc.hr\/en\/management-of-the-liquefied-natural-gas-terminal\/#breadcrumb\"},\"inLanguage\":\"en-US\",\"potentialAction\":[{\"@type\":\"ReadAction\",\"target\":[\"https:\/\/psc.hr\/en\/management-of-the-liquefied-natural-gas-terminal\/\"]}]},{\"@type\":\"BreadcrumbList\",\"@id\":\"https:\/\/psc.hr\/en\/management-of-the-liquefied-natural-gas-terminal\/#breadcrumb\",\"itemListElement\":[{\"@type\":\"ListItem\",\"position\":1,\"name\":\"Home\",\"item\":\"https:\/\/psc.hr\/en\/\"},{\"@type\":\"ListItem\",\"position\":2,\"name\":\"Management of the liquefied natural gas terminal\"}]},{\"@type\":\"WebSite\",\"@id\":\"https:\/\/psc.hr\/en\/#website\",\"url\":\"https:\/\/psc.hr\/en\/\",\"name\":\"Point of Single Contact\",\"description\":\"Just another Point of Single Contact Croatia\",\"potentialAction\":[{\"@type\":\"SearchAction\",\"target\":{\"@type\":\"EntryPoint\",\"urlTemplate\":\"https:\/\/psc.hr\/en\/?s={search_term_string}\"},\"query-input\":\"required name=search_term_string\"}],\"inLanguage\":\"en-US\"}]}<\/script>\n<!-- \/ Yoast SEO plugin. -->","yoast_head_json":{"title":"Management of the liquefied natural gas terminal - Point of Single Contact","robots":{"index":"index","follow":"follow","max-snippet":"max-snippet:-1","max-image-preview":"max-image-preview:large","max-video-preview":"max-video-preview:-1"},"canonical":"https:\/\/psc.hr\/en\/management-of-the-liquefied-natural-gas-terminal\/","og_locale":"en_US","og_type":"article","og_title":"Management of the liquefied natural gas terminal - Point of Single Contact","og_description":"FREEDOM TO ESTABLISH If you are established in EU\/EEA country, you as a physical or legal person have freedom to provide the service of management of the liquefied natural gas terminal on a permanent basis in Croatia, if you register an establishment in Croatia and obtain the licence for performing the energy activity of management [&hellip;]","og_url":"https:\/\/psc.hr\/en\/management-of-the-liquefied-natural-gas-terminal\/","og_site_name":"Point of Single Contact","article_modified_time":"2023-01-27T10:33:38+00:00","twitter_card":"summary_large_image","twitter_misc":{"Est. reading time":"6 minutes"},"schema":{"@context":"https:\/\/schema.org","@graph":[{"@type":"WebPage","@id":"https:\/\/psc.hr\/en\/management-of-the-liquefied-natural-gas-terminal\/","url":"https:\/\/psc.hr\/en\/management-of-the-liquefied-natural-gas-terminal\/","name":"Management of the liquefied natural gas terminal - Point of Single Contact","isPartOf":{"@id":"https:\/\/psc.hr\/en\/#website"},"datePublished":"2017-02-17T12:53:55+00:00","dateModified":"2023-01-27T10:33:38+00:00","breadcrumb":{"@id":"https:\/\/psc.hr\/en\/management-of-the-liquefied-natural-gas-terminal\/#breadcrumb"},"inLanguage":"en-US","potentialAction":[{"@type":"ReadAction","target":["https:\/\/psc.hr\/en\/management-of-the-liquefied-natural-gas-terminal\/"]}]},{"@type":"BreadcrumbList","@id":"https:\/\/psc.hr\/en\/management-of-the-liquefied-natural-gas-terminal\/#breadcrumb","itemListElement":[{"@type":"ListItem","position":1,"name":"Home","item":"https:\/\/psc.hr\/en\/"},{"@type":"ListItem","position":2,"name":"Management of the liquefied natural gas terminal"}]},{"@type":"WebSite","@id":"https:\/\/psc.hr\/en\/#website","url":"https:\/\/psc.hr\/en\/","name":"Point of Single Contact","description":"Just another Point of Single Contact Croatia","potentialAction":[{"@type":"SearchAction","target":{"@type":"EntryPoint","urlTemplate":"https:\/\/psc.hr\/en\/?s={search_term_string}"},"query-input":"required name=search_term_string"}],"inLanguage":"en-US"}]}},"_links":{"self":[{"href":"https:\/\/psc.hr\/en\/wp-json\/wp\/v2\/pages\/355"}],"collection":[{"href":"https:\/\/psc.hr\/en\/wp-json\/wp\/v2\/pages"}],"about":[{"href":"https:\/\/psc.hr\/en\/wp-json\/wp\/v2\/types\/page"}],"author":[{"embeddable":true,"href":"https:\/\/psc.hr\/en\/wp-json\/wp\/v2\/users\/1"}],"replies":[{"embeddable":true,"href":"https:\/\/psc.hr\/en\/wp-json\/wp\/v2\/comments?post=355"}],"version-history":[{"count":3,"href":"https:\/\/psc.hr\/en\/wp-json\/wp\/v2\/pages\/355\/revisions"}],"predecessor-version":[{"id":2247,"href":"https:\/\/psc.hr\/en\/wp-json\/wp\/v2\/pages\/355\/revisions\/2247"}],"wp:attachment":[{"href":"https:\/\/psc.hr\/en\/wp-json\/wp\/v2\/media?parent=355"}],"curies":[{"name":"wp","href":"https:\/\/api.w.org\/{rel}","templated":true}]}}