{"id":65,"date":"2017-02-17T07:41:49","date_gmt":"2017-02-17T06:41:49","guid":{"rendered":"http:\/\/psc.hr\/en\/?page_id=65"},"modified":"2017-02-17T07:41:49","modified_gmt":"2017-02-17T06:41:49","slug":"state-administration-offices-counties-city-offices-city-zagreb","status":"publish","type":"page","link":"https:\/\/psc.hr\/en\/state-administration-offices-counties-city-offices-city-zagreb\/","title":{"rendered":"State Administration Offices in Counties; City Offices \u2013 the City of Zagreb"},"content":{"rendered":"<ol>\n<li><a href=\"http:\/\/udubbz.hr\/\" target=\"_blank\">County of Bjelovar-Bilogora<\/a><\/li>\n<li><a href=\"http:\/\/udubpz.hr\/\" target=\"_blank\">County of Slavonski Brod-Posavina<\/a><\/li>\n<li><a href=\"http:\/\/www.udu-dnz.hr\/\" target=\"_blank\">County of Dubrovnik-Neretva<\/a><\/li>\n<li><a href=\"http:\/\/www.udu-istra.hr\/\" target=\"_blank\">County of Istria<\/a><\/li>\n<li><a href=\"http:\/\/www.udukz.hr\/\" target=\"_blank\">County of Karlovac<\/a><\/li>\n<li><a href=\"http:\/\/www.udu-kckz.hr\/\" target=\"_blank\">County of Koprivnica-Kri\u017eevci<\/a><\/li>\n<li><a href=\"http:\/\/www.udu-kzz.hr\/\" target=\"_blank\">County of Krapina-Zagorje<\/a><\/li>\n<li><a href=\"http:\/\/www.ls-drzavna-uprava.hr\/\" target=\"_blank\">County of Lika-Senj<\/a><\/li>\n<li><a href=\"http:\/\/www.udu-mz.hr\/\" target=\"_blank\">County of Me\u0111imurje<\/a><\/li>\n<li><a href=\"http:\/\/www.udu-obz.hr\/\" target=\"_blank\">County of Osijek-Baranja<\/a><\/li>\n<li><a href=\"http:\/\/www.udu-pozega.hr\/\" target=\"_blank\">County of Po\u017eega-Slavonia<\/a><\/li>\n<li><a href=\"http:\/\/www.udu-pgz.hr\/\" target=\"_blank\">County of Primorje-Gorski Kotar<\/a><\/li>\n<li><a href=\"http:\/\/www.udu-smz.hr\/\" target=\"_blank\">County of Sisak-Moslavina<\/a><\/li>\n<li><a href=\"http:\/\/www.udu-sdz.hr\/\" target=\"_blank\">County of Split-Dalmatia<\/a><\/li>\n<li><a href=\"http:\/\/www.udu-skz.hr\/\" target=\"_blank\">County of \u0160ibenik-Knin<\/a><\/li>\n<li><a href=\"http:\/\/www.uduvz.hr\/\" target=\"_blank\">County of Vara\u017edin<\/a><\/li>\n<li><a href=\"http:\/\/www.uduvpz.t-com.hr\/\" target=\"_blank\">County of Virovitica-Podravina<\/a><\/li>\n<li><a href=\"http:\/\/www.udu-vsz.hr\/\" target=\"_blank\">County of Vukovar-Srijem<\/a><\/li>\n<li><a href=\"http:\/\/www.udu-zz.hr\/\" target=\"_blank\">County of Zadar<\/a><\/li>\n<li><a href=\"http:\/\/www.uduzz.hr\/\" target=\"_blank\">County of Zagreb<\/a><\/li>\n<li><a href=\"http:\/\/www.zagreb.hr\/default.aspx?id=1994\" target=\"_blank\">City Offices \u2013 the City of Zagreb<\/a><\/li>\n<\/ol>\n","protected":false},"excerpt":{"rendered":"<p>County of Bjelovar-Bilogora County of Slavonski Brod-Posavina County of Dubrovnik-Neretva County of Istria County of Karlovac County of Koprivnica-Kri\u017eevci County of Krapina-Zagorje County of Lika-Senj County of Me\u0111imurje County of Osijek-Baranja County of Po\u017eega-Slavonia County of Primorje-Gorski Kotar County of Sisak-Moslavina County of Split-Dalmatia County of \u0160ibenik-Knin County of Vara\u017edin County of Virovitica-Podravina County of [&hellip;]<\/p>\n","protected":false},"author":1,"featured_media":0,"parent":0,"menu_order":0,"comment_status":"closed","ping_status":"closed","template":"","meta":{"footnotes":""},"yoast_head":"<!-- This site is optimized with the Yoast SEO plugin v22.6 - https:\/\/yoast.com\/wordpress\/plugins\/seo\/ -->\n<title>State Administration Offices in Counties; City Offices \u2013 the City of Zagreb - Point of Single Contact<\/title>\n<meta name=\"robots\" content=\"index, follow, max-snippet:-1, max-image-preview:large, max-video-preview:-1\" \/>\n<link rel=\"canonical\" href=\"https:\/\/psc.hr\/en\/state-administration-offices-counties-city-offices-city-zagreb\/\" \/>\n<meta property=\"og:locale\" content=\"en_US\" \/>\n<meta property=\"og:type\" content=\"article\" \/>\n<meta property=\"og:title\" content=\"State Administration Offices in Counties; City Offices \u2013 the City of Zagreb - Point of Single Contact\" \/>\n<meta property=\"og:description\" content=\"County of Bjelovar-Bilogora County of Slavonski Brod-Posavina County of Dubrovnik-Neretva County of Istria County of Karlovac County of Koprivnica-Kri\u017eevci County of Krapina-Zagorje County of Lika-Senj County of Me\u0111imurje County of Osijek-Baranja County of Po\u017eega-Slavonia County of Primorje-Gorski Kotar County of Sisak-Moslavina County of Split-Dalmatia County of \u0160ibenik-Knin County of Vara\u017edin County of Virovitica-Podravina County of [&hellip;]\" \/>\n<meta property=\"og:url\" content=\"https:\/\/psc.hr\/en\/state-administration-offices-counties-city-offices-city-zagreb\/\" \/>\n<meta property=\"og:site_name\" content=\"Point of Single Contact\" \/>\n<meta name=\"twitter:card\" content=\"summary_large_image\" \/>\n<script type=\"application\/ld+json\" class=\"yoast-schema-graph\">{\"@context\":\"https:\/\/schema.org\",\"@graph\":[{\"@type\":\"WebPage\",\"@id\":\"https:\/\/psc.hr\/en\/state-administration-offices-counties-city-offices-city-zagreb\/\",\"url\":\"https:\/\/psc.hr\/en\/state-administration-offices-counties-city-offices-city-zagreb\/\",\"name\":\"State Administration Offices in Counties; City Offices \u2013 the City of Zagreb - Point of Single Contact\",\"isPartOf\":{\"@id\":\"https:\/\/psc.hr\/en\/#website\"},\"datePublished\":\"2017-02-17T06:41:49+00:00\",\"dateModified\":\"2017-02-17T06:41:49+00:00\",\"breadcrumb\":{\"@id\":\"https:\/\/psc.hr\/en\/state-administration-offices-counties-city-offices-city-zagreb\/#breadcrumb\"},\"inLanguage\":\"en-US\",\"potentialAction\":[{\"@type\":\"ReadAction\",\"target\":[\"https:\/\/psc.hr\/en\/state-administration-offices-counties-city-offices-city-zagreb\/\"]}]},{\"@type\":\"BreadcrumbList\",\"@id\":\"https:\/\/psc.hr\/en\/state-administration-offices-counties-city-offices-city-zagreb\/#breadcrumb\",\"itemListElement\":[{\"@type\":\"ListItem\",\"position\":1,\"name\":\"Home\",\"item\":\"https:\/\/psc.hr\/en\/\"},{\"@type\":\"ListItem\",\"position\":2,\"name\":\"State Administration Offices in Counties; City Offices \u2013 the City of Zagreb\"}]},{\"@type\":\"WebSite\",\"@id\":\"https:\/\/psc.hr\/en\/#website\",\"url\":\"https:\/\/psc.hr\/en\/\",\"name\":\"Point of Single Contact\",\"description\":\"Just another Point of Single Contact Croatia\",\"potentialAction\":[{\"@type\":\"SearchAction\",\"target\":{\"@type\":\"EntryPoint\",\"urlTemplate\":\"https:\/\/psc.hr\/en\/?s={search_term_string}\"},\"query-input\":\"required name=search_term_string\"}],\"inLanguage\":\"en-US\"}]}<\/script>\n<!-- \/ Yoast SEO plugin. -->","yoast_head_json":{"title":"State Administration Offices in Counties; City Offices \u2013 the City of Zagreb - Point of Single Contact","robots":{"index":"index","follow":"follow","max-snippet":"max-snippet:-1","max-image-preview":"max-image-preview:large","max-video-preview":"max-video-preview:-1"},"canonical":"https:\/\/psc.hr\/en\/state-administration-offices-counties-city-offices-city-zagreb\/","og_locale":"en_US","og_type":"article","og_title":"State Administration Offices in Counties; City Offices \u2013 the City of Zagreb - Point of Single Contact","og_description":"County of Bjelovar-Bilogora County of Slavonski Brod-Posavina County of Dubrovnik-Neretva County of Istria County of Karlovac County of Koprivnica-Kri\u017eevci County of Krapina-Zagorje County of Lika-Senj County of Me\u0111imurje County of Osijek-Baranja County of Po\u017eega-Slavonia County of Primorje-Gorski Kotar County of Sisak-Moslavina County of Split-Dalmatia County of \u0160ibenik-Knin County of Vara\u017edin County of Virovitica-Podravina County of [&hellip;]","og_url":"https:\/\/psc.hr\/en\/state-administration-offices-counties-city-offices-city-zagreb\/","og_site_name":"Point of Single Contact","twitter_card":"summary_large_image","schema":{"@context":"https:\/\/schema.org","@graph":[{"@type":"WebPage","@id":"https:\/\/psc.hr\/en\/state-administration-offices-counties-city-offices-city-zagreb\/","url":"https:\/\/psc.hr\/en\/state-administration-offices-counties-city-offices-city-zagreb\/","name":"State Administration Offices in Counties; City Offices \u2013 the City of Zagreb - Point of Single Contact","isPartOf":{"@id":"https:\/\/psc.hr\/en\/#website"},"datePublished":"2017-02-17T06:41:49+00:00","dateModified":"2017-02-17T06:41:49+00:00","breadcrumb":{"@id":"https:\/\/psc.hr\/en\/state-administration-offices-counties-city-offices-city-zagreb\/#breadcrumb"},"inLanguage":"en-US","potentialAction":[{"@type":"ReadAction","target":["https:\/\/psc.hr\/en\/state-administration-offices-counties-city-offices-city-zagreb\/"]}]},{"@type":"BreadcrumbList","@id":"https:\/\/psc.hr\/en\/state-administration-offices-counties-city-offices-city-zagreb\/#breadcrumb","itemListElement":[{"@type":"ListItem","position":1,"name":"Home","item":"https:\/\/psc.hr\/en\/"},{"@type":"ListItem","position":2,"name":"State Administration Offices in Counties; City Offices \u2013 the City of Zagreb"}]},{"@type":"WebSite","@id":"https:\/\/psc.hr\/en\/#website","url":"https:\/\/psc.hr\/en\/","name":"Point of Single Contact","description":"Just another Point of Single Contact Croatia","potentialAction":[{"@type":"SearchAction","target":{"@type":"EntryPoint","urlTemplate":"https:\/\/psc.hr\/en\/?s={search_term_string}"},"query-input":"required name=search_term_string"}],"inLanguage":"en-US"}]}},"_links":{"self":[{"href":"https:\/\/psc.hr\/en\/wp-json\/wp\/v2\/pages\/65"}],"collection":[{"href":"https:\/\/psc.hr\/en\/wp-json\/wp\/v2\/pages"}],"about":[{"href":"https:\/\/psc.hr\/en\/wp-json\/wp\/v2\/types\/page"}],"author":[{"embeddable":true,"href":"https:\/\/psc.hr\/en\/wp-json\/wp\/v2\/users\/1"}],"replies":[{"embeddable":true,"href":"https:\/\/psc.hr\/en\/wp-json\/wp\/v2\/comments?post=65"}],"version-history":[{"count":1,"href":"https:\/\/psc.hr\/en\/wp-json\/wp\/v2\/pages\/65\/revisions"}],"predecessor-version":[{"id":66,"href":"https:\/\/psc.hr\/en\/wp-json\/wp\/v2\/pages\/65\/revisions\/66"}],"wp:attachment":[{"href":"https:\/\/psc.hr\/en\/wp-json\/wp\/v2\/media?parent=65"}],"curies":[{"name":"wp","href":"https:\/\/api.w.org\/{rel}","templated":true}]}}